{"id":921,"date":"2020-04-02T08:39:44","date_gmt":"2020-04-02T08:39:44","guid":{"rendered":"https:\/\/www.followmetours.pt\/\/transfers\/"},"modified":"2023-03-28T10:35:53","modified_gmt":"2023-03-28T10:35:53","slug":"transfers","status":"publish","type":"page","link":"https:\/\/fmt.tiagoferreira.dev\/pt-pt\/transfers\/","title":{"rendered":"Transfers"},"content":{"rendered":"<div class=\"wp-block-columns wp-trasfers-block is-layout-flex wp-container-core-columns-is-layout-1 wp-block-columns-is-layout-flex\"><div class=\"wp-block-column is-layout-flow wp-block-column-is-layout-flow\"><h3 class=\"wp-block-heading\">Transfer Privado<\/h3>\r\n\r\n<p>Para quem prefere um servi\u00e7o exclusivo com conforto, qualidade e privacidade.<\/p>\r\n\r\n<p>. Ve\u00edculos de alta gama<\/p>\r\n\r\n<p>. Motoristas que falam ingl\u00eas<\/p>\r\n\r\n<p>. Wi-Fi gr\u00e1tis dispon\u00edvel<\/p>\r\n\r\n<p>&nbsp;<\/p><\/div>\r\n\r\n<div class=\"wp-block-column is-layout-flow wp-block-column-is-layout-flow\"><figure class=\"wp-block-gallery columns-1 is-cropped wp-block-gallery-1 is-layout-flex wp-block-gallery-is-layout-flex\">\r\n<ul class=\"blocks-gallery-grid\">\r\n<li class=\"blocks-gallery-item\">\r\n<figure><img loading=\"lazy\" decoding=\"async\" width=\"1024\" height=\"683\" class=\"wp-image-1492\" src=\"https:\/\/fmt.tiagoferreira.dev\/wp-content\/uploads\/2020\/06\/follow-me-tours-06-1024x683.jpg\" alt=\"\" data-id=\"1492\" data-full-url=\"https:\/\/fmt.tiagoferreira.dev\/\/wp-content\/uploads\/2020\/06\/follow-me-tours-06-scaled.jpg\" data-link=\"https:\/\/fmt.tiagoferreira.dev\/\/transfers\/follow-me-tours-06\/\" srcset=\"https:\/\/fmt.tiagoferreira.dev\/wp-content\/uploads\/2020\/06\/follow-me-tours-06-1024x683.jpg 1024w, https:\/\/fmt.tiagoferreira.dev\/wp-content\/uploads\/2020\/06\/follow-me-tours-06-300x200.jpg 300w, https:\/\/fmt.tiagoferreira.dev\/wp-content\/uploads\/2020\/06\/follow-me-tours-06-768x512.jpg 768w, https:\/\/fmt.tiagoferreira.dev\/wp-content\/uploads\/2020\/06\/follow-me-tours-06-1536x1024.jpg 1536w, https:\/\/fmt.tiagoferreira.dev\/wp-content\/uploads\/2020\/06\/follow-me-tours-06-2048x1365.jpg 2048w, https:\/\/fmt.tiagoferreira.dev\/wp-content\/uploads\/2020\/06\/follow-me-tours-06-2000x1333.jpg 2000w, https:\/\/fmt.tiagoferreira.dev\/wp-content\/uploads\/2020\/06\/follow-me-tours-06-1000x667.jpg 1000w, https:\/\/fmt.tiagoferreira.dev\/wp-content\/uploads\/2020\/06\/follow-me-tours-06-600x400.jpg 600w\" sizes=\"(max-width: 1024px) 100vw, 1024px\" \/><\/figure>\r\n<\/li>\r\n<\/ul>\r\n<\/figure>\r\n\r\n<p>&nbsp;<\/p><\/div><\/div><div class=\"wp-block-columns wp-trasfers-block is-layout-flex wp-container-core-columns-is-layout-2 wp-block-columns-is-layout-flex\"><div class=\"wp-block-column is-layout-flow wp-block-column-is-layout-flow\"><p>&nbsp;<\/p><\/div>\r\n\r\n<div class=\"wp-block-column is-layout-flow wp-block-column-is-layout-flow\"><\/div><\/div><div class=\"wp-block-columns wp-trasfers-block is-layout-flex wp-container-core-columns-is-layout-4 wp-block-columns-is-layout-flex\"><div class=\"wp-block-column is-layout-flow wp-block-column-is-layout-flow\">\r\n\r\n<p>&nbsp;<\/p>\r\n<\/div><\/div>\r\n\r\n<div class=\"wp-block-columns wp-trasfers-block is-layout-flex wp-container-core-columns-is-layout-3 wp-block-columns-is-layout-flex\"><div class=\"wp-block-column is-layout-flow wp-block-column-is-layout-flow\"><h3 class=\"wp-block-heading\">Transfer em Shuttle<\/h3>\r\n\r\n<p>A forma mais econ\u00f3mica de viajar. Informe-nos do seu hor\u00e1rio de check-in e n\u00f3s marcamos o hor\u00e1rio de embarque.<\/p>\r\n\r\n<h3 class=\"wp-block-heading\">Shuttle conditions<\/h3>\r\n\r\n<p class=\"has-text-align-left\">Todas as reservas ou altera\u00e7\u00f5es devem ser enviadas para reservas@followmetours.net com um m\u00ednimo de 48 horas de anteced\u00eancia da data \/ hora do servi\u00e7o.<\/p>\r\n\r\n<h5 class=\"wp-block-heading\">Dados necess\u00e1rios para que as reservas sejam consideradas:<\/h5>\r\n\r\n<ul class=\"wp-block-list\">\r\n<li>Refer\u00eancia de reserva<\/li>\r\n<li>Data do servi\u00e7o<\/li>\r\n<li>Voos (n\u00famero e hora de chegada ou partida)<\/li>\r\n<li>Nome identificador na reserva<\/li>\r\n<li>N\u00famero de Pax (Adultos \/ Crian\u00e7as \/ Beb\u00e9s, indicar sempre a idade das crian\u00e7as)<\/li>\r\n<li>Alojamento (hot\u00e9is)<\/li>\r\n<\/ul>\r\n\r\n<p>A localiza\u00e7\u00e3o espec\u00edfica deve ser um ponto de refer\u00eancia hoteleiro ou tur\u00edstico, permitindo o acesso ao autocarro. Apenas 1 bagagem \u00e9 permitida por passageiro.<\/p>\r\n\r\n<h5 class=\"wp-block-heading\">Instru\u00e7\u00f5es na chegada:<\/h5>\r\n\r\n<p>Os clientes devem dirigir-se ao Balc\u00e3o de Boas-Vindas da Best Transfers no lobby de &#8220;Chegadas&#8221;.<\/p>\r\n\r\n<p>&nbsp;<\/p><\/div>\r\n\r\n<div class=\"wp-block-column is-layout-flow wp-block-column-is-layout-flow\"><figure class=\"wp-block-image size-large is-resized\"><img loading=\"lazy\" decoding=\"async\" class=\"wp-image-1479\" src=\"https:\/\/fmt.tiagoferreira.dev\/wp-content\/uploads\/2020\/06\/IMG-20200626-WA0034.jpg\" alt=\"\" width=\"506\" height=\"378\" \/><\/figure>\r\n\r\n<figure class=\"wp-block-image size-large\"><img loading=\"lazy\" decoding=\"async\" width=\"960\" height=\"1024\" class=\"wp-image-1504\" src=\"https:\/\/fmt.tiagoferreira.dev\/wp-content\/uploads\/2020\/06\/follow-me-tours-08-960x1024.jpg\" alt=\"\" srcset=\"https:\/\/fmt.tiagoferreira.dev\/wp-content\/uploads\/2020\/06\/follow-me-tours-08-960x1024.jpg 960w, https:\/\/fmt.tiagoferreira.dev\/wp-content\/uploads\/2020\/06\/follow-me-tours-08-281x300.jpg 281w, https:\/\/fmt.tiagoferreira.dev\/wp-content\/uploads\/2020\/06\/follow-me-tours-08-768x819.jpg 768w, https:\/\/fmt.tiagoferreira.dev\/wp-content\/uploads\/2020\/06\/follow-me-tours-08-1440x1536.jpg 1440w, https:\/\/fmt.tiagoferreira.dev\/wp-content\/uploads\/2020\/06\/follow-me-tours-08-1920x2048.jpg 1920w, https:\/\/fmt.tiagoferreira.dev\/wp-content\/uploads\/2020\/06\/follow-me-tours-08-2000x2133.jpg 2000w, https:\/\/fmt.tiagoferreira.dev\/wp-content\/uploads\/2020\/06\/follow-me-tours-08-1000x1067.jpg 1000w, https:\/\/fmt.tiagoferreira.dev\/wp-content\/uploads\/2020\/06\/follow-me-tours-08-600x640.jpg 600w\" sizes=\"(max-width: 960px) 100vw, 960px\" \/><\/figure><\/div><\/div>\r\n\r\n<p>&nbsp;<\/p>\r\n\r\n<p>&nbsp;<\/p>","protected":false},"excerpt":{"rendered":"<p>Transfer Privado Para quem prefere um servi\u00e7o exclusivo com conforto, qualidade e privacidade. . Ve\u00edculos de alta gama . Motoristas que falam ingl\u00eas . Wi-Fi gr\u00e1tis dispon\u00edvel &nbsp; &nbsp; &nbsp; &nbsp; Transfer em Shuttle A forma mais econ\u00f3mica de viajar. Informe-nos do seu hor\u00e1rio de check-in e n\u00f3s marcamos o hor\u00e1rio de embarque. Shuttle conditions<\/p>\n","protected":false},"author":2,"featured_media":0,"parent":0,"menu_order":4,"comment_status":"closed","ping_status":"closed","template":"","meta":{"_acf_changed":false,"_joinchat":[],"footnotes":""},"class_list":["post-921","page","type-page","status-publish","hentry"],"acf":[],"_links":{"self":[{"href":"https:\/\/fmt.tiagoferreira.dev\/pt-pt\/wp-json\/wp\/v2\/pages\/921"}],"collection":[{"href":"https:\/\/fmt.tiagoferreira.dev\/pt-pt\/wp-json\/wp\/v2\/pages"}],"about":[{"href":"https:\/\/fmt.tiagoferreira.dev\/pt-pt\/wp-json\/wp\/v2\/types\/page"}],"author":[{"embeddable":true,"href":"https:\/\/fmt.tiagoferreira.dev\/pt-pt\/wp-json\/wp\/v2\/users\/2"}],"replies":[{"embeddable":true,"href":"https:\/\/fmt.tiagoferreira.dev\/pt-pt\/wp-json\/wp\/v2\/comments?post=921"}],"version-history":[{"count":0,"href":"https:\/\/fmt.tiagoferreira.dev\/pt-pt\/wp-json\/wp\/v2\/pages\/921\/revisions"}],"wp:attachment":[{"href":"https:\/\/fmt.tiagoferreira.dev\/pt-pt\/wp-json\/wp\/v2\/media?parent=921"}],"curies":[{"name":"wp","href":"https:\/\/api.w.org\/{rel}","templated":true}]}}