{"id":207,"date":"2019-10-15T09:39:55","date_gmt":"2019-10-15T09:39:55","guid":{"rendered":"http:\/\/www.followmetours.pt\/\/privacy-policy\/"},"modified":"2020-06-30T10:12:10","modified_gmt":"2020-06-30T10:12:10","slug":"politica-privacidade","status":"publish","type":"page","link":"https:\/\/fmt.tiagoferreira.dev\/pt-pt\/politica-privacidade\/","title":{"rendered":"Pol\u00edtica de Privacidade"},"content":{"rendered":"<h2 class=\"wp-block-heading\">Pol\u00edtica de Privacidade<\/h2><p>Leia por favor esta Pol\u00edtica de Privacidade com aten\u00e7\u00e3o, pois no acesso a este site, a disponibiliza\u00e7\u00e3o dos seus dados pessoais implica o conhecimento e aceita\u00e7\u00e3o das condi\u00e7\u00f5es aqui constantes.<\/p><p><strong>Quem \u00e9 o respons\u00e1vel pela recolha e tratamento dos dados?<\/strong><\/p><p>A Follow Me Tours, Unip., Lda. \u00e9 a entidade respons\u00e1vel pela recolha e tratamento dos dados pessoais, podendo, no \u00e2mbito da sua atividade, recorrer a entidades por si subcontratadas para a prossecu\u00e7\u00e3o das finalidades aqui indicadas.<\/p><p><strong>O que s\u00e3o dados pessoais?<\/strong><\/p><p>Dados pessoais s\u00e3o qualquer informa\u00e7\u00e3o, de qualquer natureza e independentemente do respetivo suporte, incluindo som e imagem, relativa a uma pessoa singular identificada ou identific\u00e1vel. \u00c9 considerada identific\u00e1vel a pessoa que possa ser identificada direta ou indiretamente, designadamente por refer\u00eancia a um n\u00famero de identifica\u00e7\u00e3o ou a um ou mais elementos espec\u00edficos da sua identidade f\u00edsica, fisiol\u00f3gica, ps\u00edquica, econ\u00f3mica, cultural ou social.<\/p><p><strong>Que dados pessoais s\u00e3o recolhidos e tratados?<\/strong><\/p><p>A Follow Me Tours procede \u00e0 recolha e ao tratamento, entre outros, dos seguintes dados pessoais: nome, n\u00famero de telefone e endere\u00e7o de correio eletr\u00f3nico.<\/p><p>A Follow Me Tours, Unip., Lda. assume que os dados foram fornecidos pelo titular dos mesmos ou que este deu autoriza\u00e7\u00e3o para o efeito e presume que os mesmos s\u00e3o verdadeiros e se encontram atualizados.<\/p><p><strong>De que forma s\u00e3o recolhidos os seus dados?<\/strong><\/p><p>Os dados pessoais podem ser recolhidos atrav\u00e9s dos seguintes meios:<\/p><p>a) Correio eletr\u00f3nico;<\/p><p>b) Website;<\/p><p>c) Chamadas telef\u00f3nicas;<\/p><p>d) Presencialmente;<\/p><p>e) Atrav\u00e9s de aplica\u00e7\u00f5es (\u201capps\u201d) instaladas em dispositivos m\u00f3veis.<\/p><p>Os dados recolhidos s\u00e3o processados e armazenados informaticamente e no estrito cumprimento da legisla\u00e7\u00e3o de prote\u00e7\u00e3o de dados pessoais sendo armazenados em base de dados espec\u00edficas, criadas para o efeito, pela Follow Me Tours ou pelas entidades por esta subcontratadas.<\/p><p>Alguns dados pessoais recolhidos no website s\u00e3o de preenchimento obrigat\u00f3rio e, em caso de falta ou insufici\u00eancia desses dados, a Follow Me Tours poder\u00e1 n\u00e3o conseguir prestar-lhe os servi\u00e7os ou as informa\u00e7\u00f5es por si solicitadas. Em cada caso concreto, a Follow Me Tours inform\u00e1-lo-\u00e1 da natureza obrigat\u00f3ria do fornecimento dos dados pessoais em causa.<\/p><p><strong>Qual a finalidade dos dados recolhidos?<\/strong><\/p><p>Os seus dados destinam-se a integrar um ficheiro de dados pessoais que a Follow Me Tours poder\u00e1 utilizar para a prossecu\u00e7\u00e3o das seguintes finalidades:<\/p><p>a) Recrutamento;<br>b) Agenda de contactos;<br>c) Atualiza\u00e7\u00e3o de perfil;<br>d) Envio de newsletters;<br>e) Opini\u00e3o do Utente;<br>f) Sugest\u00f5es e Reclama\u00e7\u00f5es;<br>g) Pedido de Or\u00e7amento;<br>h) Publicidade nos nossos suportes;<br>i) Compra de bilhetes\/t\u00edtulos de transporte;<br>j) Ades\u00e3o a cart\u00f5es de transporte;<br>k) Faturas Net;<br>l) Profiling;<br>m) Perdidos e Achados;<br>n) Cumprimento de outras obriga\u00e7\u00f5es legais ou regulamentares;<br>o) Realiza\u00e7\u00e3o de estudos de mercado, inqu\u00e9ritos de avalia\u00e7\u00e3o e an\u00e1lises estat\u00edsticas.<\/p><p>Para a prossecu\u00e7\u00e3o das finalidades acima identificadas a Follow Me Tours poder\u00e1 proceder \u00e0 interconex\u00e3o dos dados recolhidos, com o prop\u00f3sito de atualizar e completar tais dados.<\/p><p><strong>Qual \u00e9 o fundamento para o tratamento dos seus dados?<\/strong><\/p><p>Os tratamentos associados \u00e0s finalidades das al\u00edneas a), d), e l) t\u00eam por fundamento o seu consentimento, bem como uso dos dados para marketing direto que podem estar associados \u00e0s finalidades i) e j).<\/p><p>Data processed for the purposes of (b), (c), (e), (g), (h), (i), (j), (k) and (m) aOs tratamentos associados \u00e0s finalidades das al\u00edneas b), c), e), g), h), i), j), k) e m) t\u00eam por fundamento a rela\u00e7\u00e3o contratual que se estabelece entre si e a empresa.<\/p><p>Os tratamentos associados \u00e0s finalidades f) (Sugest\u00f5es e Reclama\u00e7\u00f5es) e n) (Cumprimento de outras obriga\u00e7\u00f5es legais ou regulamentares) t\u00eam por fundamento o cumprimento de obriga\u00e7\u00f5es legais.<\/p><p><strong>Com quem s\u00e3o partilhados os seus dados?<\/strong><\/p><p>Os dados recolhidos e detidos pela Follow Me Tours poder\u00e3o ser transmitidos, com respeito pelo dever da confidencialidade e pelo princ\u00edpio da finalidade que presidiu \u00e0 sua recolha, para as seguintes entidades:<\/p><p>a) Entidades do grupo em que a Follow Me Tours est\u00e1 inserida:<br>b) Autoridades judiciais ou administrativas, nos casos em que tal ced\u00eancia seja obrigat\u00f3ria;<br>c) Empresas de recrutamento e sele\u00e7\u00e3o;<br>d) Subcontratantes que proceder\u00e3o ao tratamento dos dados por conta da Follow Me Tours e de acordo com as finalidades por esta determinadas.<\/p><p><strong>Cookies<\/strong><\/p><p>&#8220;Cookies&#8221; s\u00e3o pequenos peda\u00e7os de informa\u00e7\u00f5es que podem ajudar a identificar o seu browser e que podem armazenar informa\u00e7\u00f5es, por exemplo, configura\u00e7\u00f5es e prefer\u00eancias do Utilizador.<\/p><p>A Follow Me Tours poder\u00e1 armazenar cookies no seu dispositivo para personalizar e facilitar ao m\u00e1ximo a navega\u00e7\u00e3o, n\u00e3o fornecendo esses mesmos cookies refer\u00eancias ou dados pessoais do Utilizador.<\/p><p>Para mais informa\u00e7\u00e3o dever\u00e1 ler a nossa Pol\u00edtica de Cookies.<\/p><p><strong>Quais s\u00e3o os seus direitos?<\/strong><\/p><p>Nos termos da Lei de Prote\u00e7\u00e3o de Dados Pessoais, garantimos-lhe o direito de acesso, atualiza\u00e7\u00e3o, retifica\u00e7\u00e3o, elimina\u00e7\u00e3o, portabilidade e apagamento dos seus dados pessoais.<\/p><p>Conferimos-lhe tamb\u00e9m o direito de oposi\u00e7\u00e3o \u00e0 utiliza\u00e7\u00e3o dos dados facultados para fins de marketing, para o envio de comunica\u00e7\u00f5es informativas ou de inclus\u00e3o em listas ou servi\u00e7os informativos. Caso n\u00e3o o tenha efetuado aquando da recolha dos dados, poder\u00e1 enviar um pedido posteriormente.<\/p><p>O exerc\u00edcio destes direitos dever\u00e1 ser realizado atrav\u00e9s do seguinte endere\u00e7o de correio eletr\u00f3nico <a href=\"mailto:geral@followmetours.net\">geral@followmetours.net<\/a> ou morada \u2026<\/p><p><strong>Por quanto tempo s\u00e3o armazenados os seus dados?<\/strong><\/p><p>O per\u00edodo de tempo durante o qual os dados s\u00e3o armazenados e conservados varia de acordo com a finalidade para a qual a informa\u00e7\u00e3o \u00e9 tratada. Sempre que n\u00e3o exista uma exig\u00eancia legal espec\u00edfica, os dados ser\u00e3o armazenados e conservados apenas pelo per\u00edodo m\u00ednimo necess\u00e1rio para as finalidades que motivaram a sua recolha ou o seu posterior tratamento, findo o qual os mesmos ser\u00e3o eliminados.<\/p><p><strong>Os seus dados s\u00e3o tratados de forma segura?<\/strong><\/p><p>A Follow Me Tours assume o compromisso de garantir a prote\u00e7\u00e3o da seguran\u00e7a dos seus dados. Para o efeito, adotou diversas medidas de seguran\u00e7a, de car\u00e1ter t\u00e9cnico e organizativo, de forma a proteger os dados pessoais que nos disponibiliza contra a sua difus\u00e3o, perda, uso indevido, altera\u00e7\u00e3o, tratamento ou acesso n\u00e3o autorizado, bem como contra qualquer outra forma de tratamento il\u00edcito. A Follow Me Tours exige dos seus subcontratantes e dos seus parceiros a ado\u00e7\u00e3o de medidas de seguran\u00e7a equivalentes \u00e0quelas que pratica.<\/p><p>N\u00e3o obstante as medidas de seguran\u00e7a praticadas pela Follow Me Tours o utilizador deve adotar medidas adicionais de seguran\u00e7a designadamente, assegurar que utiliza equipamentos e um Browser atualizados em termos de seguran\u00e7a adequadamente configurados, com firewall ativa, antiv\u00edrus e anti-spyware e, certificar-se da autenticidade dos sites que visita na internet, devendo evitar websites em cuja reputa\u00e7\u00e3o n\u00e3o confie.<\/p><p><strong>Comunica\u00e7\u00f5es<\/strong><\/p><p>A Follow Me Tours reconhece que poder\u00e1 comunicar dados dos Utilizadores no \u00e2mbito de processos de fus\u00e3o, aquisi\u00e7\u00e3o e\/ou incorpora\u00e7\u00e3o em que se encontre, n\u00e3o se considerando essa comunica\u00e7\u00e3o como uma transfer\u00eancia de dados para terceiros, nem existindo qualquer tratamento subcontratado.<\/p><p>Follow Me Tours may also transmit data to third parties within the scope of A Follow Me Tours poder\u00e1 ainda transmitir dados a terceiros no \u00e2mbito de investiga\u00e7\u00f5es, inqu\u00e9ritos e processos judiciais e\/ou administrativos ou de natureza semelhante, desde que para tal seja devidamente ordenada por ordem judicial nesse sentido.<\/p><p><strong>Transfer\u00eancia dos Dados<\/strong><\/p><p>Should data transfers to third countries outside the European Union or the European Economic Area occur, Follow Me Tours will comply with the law, in particular as regards the suitability of the destination country with rCaso possam ocorrer transfer\u00eancias de dados para pa\u00edses terceiros que n\u00e3o perten\u00e7am \u00e0 Uni\u00e3o Europeia ou ao Espa\u00e7o Econ\u00f3mico Europeu, a Follow Me Tours cumprir\u00e1 com a lei, nomeadamente no que respeita \u00e0 adequabilidade do pa\u00eds de destino no que respeita a prote\u00e7\u00e3o de dados pessoais e aos requisitos que s\u00e3o aplic\u00e1veis a estas transfer\u00eancias, n\u00e3o sendo transferidos dados pessoais para jurisdi\u00e7\u00f5es que n\u00e3o ofere\u00e7am garantias de seguran\u00e7a e prote\u00e7\u00e3o.<\/p><p><strong>Altera\u00e7\u00f5es \u00e0 Pol\u00edtica de Privacidade<\/strong><\/p><p>A Follow Me Tours reserva-se o direito de a qualquer altura, proceder a reajustamentos ou altera\u00e7\u00f5es \u00e0 presente Pol\u00edtica de Privacidade, sendo essas altera\u00e7\u00f5es devidamente publicitadas neste site.<\/p>","protected":false},"excerpt":{"rendered":"<p>Pol\u00edtica de Privacidade Leia por favor esta Pol\u00edtica de Privacidade com aten\u00e7\u00e3o, pois no acesso a este site, a disponibiliza\u00e7\u00e3o dos seus dados pessoais implica o conhecimento e aceita\u00e7\u00e3o das condi\u00e7\u00f5es aqui constantes. Quem \u00e9 o respons\u00e1vel pela recolha e tratamento dos dados? A Follow Me Tours, Unip., Lda. \u00e9 a entidade respons\u00e1vel pela recolha<\/p>\n","protected":false},"author":2,"featured_media":0,"parent":0,"menu_order":14,"comment_status":"closed","ping_status":"closed","template":"","meta":{"_acf_changed":false,"_joinchat":[],"footnotes":""},"class_list":["post-207","page","type-page","status-publish","hentry"],"acf":[],"_links":{"self":[{"href":"https:\/\/fmt.tiagoferreira.dev\/pt-pt\/wp-json\/wp\/v2\/pages\/207"}],"collection":[{"href":"https:\/\/fmt.tiagoferreira.dev\/pt-pt\/wp-json\/wp\/v2\/pages"}],"about":[{"href":"https:\/\/fmt.tiagoferreira.dev\/pt-pt\/wp-json\/wp\/v2\/types\/page"}],"author":[{"embeddable":true,"href":"https:\/\/fmt.tiagoferreira.dev\/pt-pt\/wp-json\/wp\/v2\/users\/2"}],"replies":[{"embeddable":true,"href":"https:\/\/fmt.tiagoferreira.dev\/pt-pt\/wp-json\/wp\/v2\/comments?post=207"}],"version-history":[{"count":0,"href":"https:\/\/fmt.tiagoferreira.dev\/pt-pt\/wp-json\/wp\/v2\/pages\/207\/revisions"}],"wp:attachment":[{"href":"https:\/\/fmt.tiagoferreira.dev\/pt-pt\/wp-json\/wp\/v2\/media?parent=207"}],"curies":[{"name":"wp","href":"https:\/\/api.w.org\/{rel}","templated":true}]}}