{"id":206,"date":"2019-10-15T13:21:13","date_gmt":"2019-10-15T13:21:13","guid":{"rendered":"http:\/\/www.followmetours.pt\/\/contact\/"},"modified":"2024-08-21T14:52:07","modified_gmt":"2024-08-21T14:52:07","slug":"contact","status":"publish","type":"page","link":"https:\/\/fmt.tiagoferreira.dev\/pt-pt\/contact\/","title":{"rendered":"Contacto"},"content":{"rendered":"<h2 class=\"wp-block-heading\">Fale connosco!<\/h2><div class=\"wp-block-columns has-2-columns contacts is-layout-flex wp-container-core-columns-is-layout-1 wp-block-columns-is-layout-flex\"><div class=\"wp-block-column is-layout-flow wp-block-column-is-layout-flow\"><h3 class=\"wp-block-heading\">Ol\u00e1!<\/h3>\r\n\r\n\n<div class=\"wpcf7 no-js\" id=\"wpcf7-f554-o1\" lang=\"pt-PT\" dir=\"ltr\">\n<div class=\"screen-reader-response\"><p role=\"status\" aria-live=\"polite\" aria-atomic=\"true\"><\/p> <ul><\/ul><\/div>\n<form action=\"\/pt-pt\/wp-json\/wp\/v2\/pages\/206#wpcf7-f554-o1\" method=\"post\" class=\"wpcf7-form init wpcf7-acceptance-as-validation\" aria-label=\"Formul\u00e1rio de contacto\" novalidate=\"novalidate\" data-status=\"init\">\n<div style=\"display: none;\">\n<input type=\"hidden\" name=\"_wpcf7\" value=\"554\" \/>\n<input type=\"hidden\" name=\"_wpcf7_version\" value=\"5.9.8\" \/>\n<input type=\"hidden\" name=\"_wpcf7_locale\" value=\"pt_PT\" \/>\n<input type=\"hidden\" name=\"_wpcf7_unit_tag\" value=\"wpcf7-f554-o1\" \/>\n<input type=\"hidden\" name=\"_wpcf7_container_post\" value=\"0\" \/>\n<input type=\"hidden\" name=\"_wpcf7_posted_data_hash\" value=\"\" \/>\n<input type=\"hidden\" name=\"_wpcf7_recaptcha_response\" value=\"\" \/>\n<\/div>\n<div class=\"holder\">\n    <label class=\"lbl\" for=\"contact_name\">Nome<span>*<\/span><\/label>\n    <span class=\"wpcf7-form-control-wrap\" data-name=\"contact_name\"><input size=\"40\" maxlength=\"400\" class=\"wpcf7-form-control wpcf7-text wpcf7-validates-as-required form-control\" id=\"contact_name\" aria-required=\"true\" aria-invalid=\"false\" value=\"\" type=\"text\" name=\"contact_name\" \/><\/span>\n    <span class=\"valid\"><\/span>\n<\/div>\n<div class=\"holder\">\n    <label class=\"lbl\" for=\"contact_email\">Email<span>*<\/span><\/label>\n    <span class=\"wpcf7-form-control-wrap\" data-name=\"contact_email\"><input size=\"40\" maxlength=\"400\" class=\"wpcf7-form-control wpcf7-email wpcf7-validates-as-required wpcf7-text wpcf7-validates-as-email form-control\" id=\"contact_email\" aria-required=\"true\" aria-invalid=\"false\" value=\"\" type=\"email\" name=\"contact_email\" \/><\/span>\n    <span class=\"valid\"><\/span>\n<\/div>\n<div class=\"holder\">\n    <label class=\"lbl\" for=\"contact_message\">Mensagem<span>*<\/span><\/label>\n    <span class=\"wpcf7-form-control-wrap\" data-name=\"contact_message\"><textarea cols=\"40\" rows=\"10\" maxlength=\"2000\" class=\"wpcf7-form-control wpcf7-textarea wpcf7-validates-as-required form-control\" id=\"contact_message\" aria-required=\"true\" aria-invalid=\"false\" name=\"contact_message\"><\/textarea><\/span>\n    <span class=\"valid\"><\/span>\n<\/div>\n<div class=\"holder\"><span class=\"wpcf7-form-control-wrap\" data-name=\"your-consent\"><span class=\"wpcf7-form-control wpcf7-acceptance\"><span class=\"wpcf7-list-item\"><label><input type=\"checkbox\" name=\"your-consent\" value=\"1\" aria-invalid=\"false\" \/><span class=\"wpcf7-list-item-label\">Os dados pessoais recolhidos neste formul\u00e1rio ser\u00e3o usados exclusivamente para o prop\u00f3sito da sua utiliza\u00e7\u00e3o. Consequentemente, n\u00e3o receber\u00e1 qualquer comunica\u00e7\u00e3o n\u00e3o solicitada baseada nas informa\u00e7\u00f5es aqui colocadas. Para mais informa\u00e7\u00f5es, consulte a nossa <a href=\"\/pt-pt\/politica-de-privacidade\" target=\"_blank\">Pol\u00edtica de Privacidade<\/a>.<\/span><\/label><\/span><\/span><\/span><\/div>\n<span class=\"wpcf7-form-control-wrap recaptcha\" data-name=\"recaptcha\"><span data-sitekey=\"6LcP6ngqAAAAAP0-8jV5MOLa7PKr2SyjoY9tErRm\" class=\"wpcf7-form-control wpcf7-recaptcha g-recaptcha\"><\/span>\r\n<noscript>\r\n\t<div class=\"grecaptcha-noscript\">\r\n\t\t<iframe loading=\"lazy\" src=\"https:\/\/www.google.com\/recaptcha\/api\/fallback?k=6LcP6ngqAAAAAP0-8jV5MOLa7PKr2SyjoY9tErRm\" frameborder=\"0\" scrolling=\"no\" width=\"310\" height=\"430\">\r\n\t\t<\/iframe>\r\n\t\t<textarea name=\"g-recaptcha-response\" rows=\"3\" cols=\"40\" placeholder=\"reCaptcha Response Here\">\r\n\t\t<\/textarea>\r\n\t<\/div>\r\n<\/noscript>\r\n<\/span>\n<div class=\"submit-holder\"><input class=\"wpcf7-form-control wpcf7-submit has-spinner btn btn-default\" type=\"submit\" value=\"ENVIAR\" \/><\/div><input type='hidden' class='wpcf7-pum' value='{\"closepopup\":false,\"closedelay\":0,\"openpopup\":false,\"openpopup_id\":0}' \/><div class=\"wpcf7-response-output\" aria-hidden=\"true\"><\/div>\n<\/form>\n<\/div>\n\r\n\r\n<p>&nbsp;<\/p><\/div>\r\n\r\n<div class=\"wp-block-column is-layout-flow wp-block-column-is-layout-flow\"><div class=\"row\">\r\n<div class=\"col-sm-12 offset-sm-0 col-md-9 offset-md-2\">\r\n<h3>Onde estamos<\/h3>\r\n<address><span class=\"str\">Rua Alexandre Herculano<\/span> <span class=\"str\">Lote 11 \u2013 loja E<\/span> <span class=\"str\">8200-998 Albufeira \u2013 Portugal<\/span><\/address><\/div>\r\n<\/div>\r\n<div class=\"row\">\r\n<div class=\"col-sm-12 offset-sm-0 col-md-9 offset-md-2\">\r\n<h3>Precisa de ajuda?<\/h3>\r\n<ul class=\"contact-info\">\r\n<li><strong>T.<\/strong> <a href=\"tel:+351289590120\" target=\"_self\" rel=\"noopener noreferrer\">(+351) 289 590 120<br>(Custo de chamada para a rede fixa nacional)<\/a><\/li>\r\n<li><strong>E.<\/strong> <a href=\"mailto:geral@followmetours.net\" target=\"_self\" rel=\"noopener noreferrer\">geral@followmetours.net<\/a><\/li>\r\n<\/ul>\r\n<\/div>\r\n<\/div><\/div><\/div><div id=\"wpgmza_map\" class=\"wpgmza_map\" data-settings='{\"id\":\"1\",\"map_title\":\"Office Location Map\",\"map_width\":\"100\",\"map_height\":\"400\",\"map_start_lat\":\"37.093156\",\"map_start_lng\":\"-8.224352\",\"map_start_location\":\"37.09315599999999,-8.224352\",\"map_start_zoom\":\"13\",\"default_marker\":\"0\",\"type\":\"3\",\"alignment\":\"4\",\"directions_enabled\":\"1\",\"styling_enabled\":\"0\",\"styling_json\":\"\",\"active\":\"0\",\"kml\":\"\",\"bicycle\":\"0\",\"traffic\":\"0\",\"dbox\":\"1\",\"dbox_width\":\"100\",\"listmarkers\":\"0\",\"listmarkers_advanced\":\"0\",\"filterbycat\":\"0\",\"ugm_enabled\":\"0\",\"ugm_category_enabled\":\"0\",\"fusion\":\"\",\"map_width_type\":\"\\\\%\",\"map_height_type\":\"px\",\"mass_marker_support\":\"1\",\"ugm_access\":\"0\",\"order_markers_by\":\"1\",\"order_markers_choice\":\"2\",\"show_user_location\":\"0\",\"default_to\":\"\",\"other_settings\":{\"store_locator_enabled\":2,\"store_locator_distance\":2,\"store_locator_default_radius\":10,\"store_locator_not_found_message\":\"No results found in this location. Please try again.\",\"store_locator_bounce\":1,\"store_locator_query_string\":\"ZIP \\\/ Address:\",\"store_locator_default_address\":\"\",\"wpgmza_store_locator_restrict\":\"\",\"wpgmza_store_locator_radius_style\":\"modern\",\"map_max_zoom\":\"1\",\"transport_layer\":0,\"wpgmza_show_points_of_interest\":0,\"wpgmza_auto_night\":0,\"bicycle\":\"0\",\"traffic\":\"0\"}}' data-map-id='1' Data-maps-engine='open-layers' data-shortcode-attributes='{\"id\":\"1\"}' style=\"display:block; overflow:auto; width:100%; height:400px; float:left;\"><\/div>","protected":false},"excerpt":{"rendered":"<p>Fale connosco! Ol\u00e1! &nbsp; Onde estamos Rua Alexandre Herculano Lote 11 \u2013 loja E 8200-998 Albufeira \u2013 Portugal Precisa de ajuda? T. (+351) 289 590 120(Custo de chamada para a rede fixa nacional) E. geral@followmetours.net<\/p>\n","protected":false},"author":2,"featured_media":0,"parent":0,"menu_order":6,"comment_status":"closed","ping_status":"closed","template":"","meta":{"_acf_changed":false,"_joinchat":[],"footnotes":""},"class_list":["post-206","page","type-page","status-publish","hentry"],"acf":[],"_links":{"self":[{"href":"https:\/\/fmt.tiagoferreira.dev\/pt-pt\/wp-json\/wp\/v2\/pages\/206"}],"collection":[{"href":"https:\/\/fmt.tiagoferreira.dev\/pt-pt\/wp-json\/wp\/v2\/pages"}],"about":[{"href":"https:\/\/fmt.tiagoferreira.dev\/pt-pt\/wp-json\/wp\/v2\/types\/page"}],"author":[{"embeddable":true,"href":"https:\/\/fmt.tiagoferreira.dev\/pt-pt\/wp-json\/wp\/v2\/users\/2"}],"replies":[{"embeddable":true,"href":"https:\/\/fmt.tiagoferreira.dev\/pt-pt\/wp-json\/wp\/v2\/comments?post=206"}],"version-history":[{"count":1,"href":"https:\/\/fmt.tiagoferreira.dev\/pt-pt\/wp-json\/wp\/v2\/pages\/206\/revisions"}],"predecessor-version":[{"id":16498,"href":"https:\/\/fmt.tiagoferreira.dev\/pt-pt\/wp-json\/wp\/v2\/pages\/206\/revisions\/16498"}],"wp:attachment":[{"href":"https:\/\/fmt.tiagoferreira.dev\/pt-pt\/wp-json\/wp\/v2\/media?parent=206"}],"curies":[{"name":"wp","href":"https:\/\/api.w.org\/{rel}","templated":true}]}}